{"id":1067,"date":"2025-08-25T18:29:59","date_gmt":"2025-08-25T18:29:59","guid":{"rendered":"https:\/\/bonohunter.com\/home\/"},"modified":"2025-10-31T15:31:39","modified_gmt":"2025-10-31T15:31:39","slug":"home","status":"publish","type":"page","link":"https:\/\/bonohunter.com\/","title":{"rendered":"Home"},"content":{"rendered":"\n<div class=\"wp-block-uagb-container uagb-layout-grid uagb-block-a7522434 default uagb-is-root-container\">\n<div class=\"wp-block-uagb-advanced-heading uagb-block-7c75d47e\"><h6 class=\"uagb-heading-text\">TODO LO QUE LAS CASAS DE APUESTAS NO QUIERAN QUE SEPAS<\/h6><\/div>\n\n\n\n<p><\/p>\n\n\n\n<div class=\"wp-block-uagb-info-box uagb-block-a8b6bac7 uagb-infobox__content-wrap  uagb-infobox-icon-above-title uagb-infobox-image-valign-top\"><div class=\"uagb-ifb-content\"><div class=\"uagb-ifb-title-wrap\"><h1 class=\"uagb-ifb-title\">de bonos a ganancias SIN RIESGO<\/h1><\/div><\/div><\/div>\n\n\n\n<div class=\"wp-block-uagb-buttons uagb-buttons__outer-wrap uagb-btn__default-btn uagb-btn-tablet__default-btn uagb-btn-mobile__default-btn uagb-block-02898d21\"><div class=\"uagb-buttons__wrap uagb-buttons-layout-wrap \">\n<div class=\"wp-block-uagb-buttons-child uagb-buttons__outer-wrap uagb-block-b4b5d239 wp-block-button\"><div class=\"uagb-button__wrapper\"><a class=\"uagb-buttons-repeater wp-block-button__link\" aria-label=\"\" href=\"https:\/\/bonohunter.com\/?product=formacion-bonus-hunting\" rel=\"follow noopener\" target=\"_self\" role=\"button\"><div class=\"uagb-button__link\">empieza a ganar<\/div><\/a><\/div><\/div>\n<\/div><\/div>\n\n\n\n<div class=\"wp-block-uagb-advanced-heading uagb-block-11c38b9f\"><h2 class=\"uagb-heading-text\">GANA 20.000 MXN EN TRES APUESTAS<\/h2><\/div>\n<\/div>\n\n\n\n<div class=\"wp-block-uagb-container uagb-block-fbda2a25 default uagb-is-root-container\">\n<div class=\"wp-block-uagb-container uagb-block-1303e113\">\n<div class=\"wp-block-uagb-advanced-heading uagb-block-2918d69c\"><h6 class=\"uagb-heading-text\">Custom Bike Builder<\/h6><\/div>\n\n\n\n<div class=\"wp-block-uagb-advanced-heading uagb-block-5954ded8\"><h2 class=\"uagb-heading-text\">Como funciona el bono hunting?<\/h2><p class=\"uagb-desc-text\">Las casas de apuestas ofrecen bonificaciones para captar a nuevos clientes, y ganar dinero con ellos en el largo plazo.<\/p><\/div>\n\n\n\n<p>Desde Bonohunter te ense\u00f1amos como transformar esa bonificaci\u00f3n en dinero real, y retirarlo a t\u00fa cuenta.<\/p>\n\n\n\n<div class=\"wp-block-uagb-advanced-heading uagb-block-b805f5a9\"><p class=\"uagb-desc-text\">Con nuestras herramientas podr\u00e1s dise\u00f1ar apuestas seguras que se trasladan a beneficios asegurados.<\/p><\/div>\n\n\n\n<div class=\"wp-block-uagb-buttons uagb-buttons__outer-wrap uagb-btn__default-btn uagb-btn-tablet__default-btn uagb-btn-mobile__default-btn uagb-block-583abd0c\"><div class=\"uagb-buttons__wrap uagb-buttons-layout-wrap \">\n<div class=\"wp-block-uagb-buttons-child uagb-buttons__outer-wrap uagb-block-6692b783 wp-block-button\"><div class=\"uagb-button__wrapper\"><a class=\"uagb-buttons-repeater wp-block-button__link\" aria-label=\"\" href=\"#\" rel=\"follow noopener\" target=\"_self\" role=\"button\"><div class=\"uagb-button__link\">Read More<\/div><span class=\"uagb-button__icon uagb-button__icon-position-after\"><svg xmlns=\"https:\/\/www.w3.org\/2000\/svg\" viewBox=\"0 0 256 512\" aria-hidden=\"true\" focussable=\"false\"><path d=\"M118.6 105.4l128 127.1C252.9 239.6 256 247.8 256 255.1s-3.125 16.38-9.375 22.63l-128 127.1c-9.156 9.156-22.91 11.9-34.88 6.943S64 396.9 64 383.1V128c0-12.94 7.781-24.62 19.75-29.58S109.5 96.23 118.6 105.4z\"><\/path><\/svg><\/span><\/a><\/div><\/div>\n<\/div><\/div>\n\n\n\n<div class=\"wp-block-uagb-buttons uagb-buttons__outer-wrap uagb-btn__default-btn uagb-btn-tablet__default-btn uagb-btn-mobile__default-btn uagb-block-407b1aa5\"><div class=\"uagb-buttons__wrap uagb-buttons-layout-wrap \">\n<div class=\"wp-block-uagb-buttons-child uagb-buttons__outer-wrap uagb-block-c97cd518 wp-block-button\"><div class=\"uagb-button__wrapper\"><a class=\"uagb-buttons-repeater wp-block-button__link\" aria-label=\"\" href=\"https:\/\/wa.me\/34625376263?text=Hola,%20quiero%20m\u00e1s%20informaci\u00f3n%20sobre%20vuestros%20productos\" rel=\"follow noopener\" target=\"_self\" role=\"button\"><div class=\"uagb-button__link\">HABLEMOS<\/div><\/a><\/div><\/div>\n<\/div><\/div>\n<\/div>\n\n\n\n<figure class=\"wp-block-embed is-type-video is-provider-youtube wp-block-embed-youtube wp-embed-aspect-9-16 wp-has-aspect-ratio\"><div class=\"wp-block-embed__wrapper\">\n<div class=\"ast-oembed-container \" style=\"height: 100%;\"><iframe loading=\"lazy\" title=\"Nuestro m\u00e9todo\" width=\"422\" height=\"750\" src=\"https:\/\/www.youtube.com\/embed\/4i8keeF-nMY?feature=oembed\" frameborder=\"0\" allow=\"accelerometer; autoplay; clipboard-write; encrypted-media; gyroscope; picture-in-picture; web-share\" referrerpolicy=\"strict-origin-when-cross-origin\" allowfullscreen><\/iframe><\/div>\n<\/div><\/figure>\n<\/div>\n\n\n\n<div class=\"wp-block-uagb-container uagb-block-f94afef0 alignfull uagb-is-root-container\"><div class=\"uagb-container-inner-blocks-wrap\">\n<div class=\"wp-block-uagb-container uagb-block-74bbdbf8\">\n<div class=\"wp-block-uagb-counter uagb-block-bf70e029 wp-block-uagb-counter--number\"><div class=\"wp-block-uagb-counter__number\"><span class=\"uagb-counter-block-number\" data-duration=\"2\" data-to-value=\"350\" data-from-value=\"0\" data-delimiter=\"\"><\/span><\/div><div class=\"wp-block-uagb-counter__title\">ALUMNOS<\/div><\/div>\n<\/div>\n\n\n\n<div class=\"wp-block-uagb-container uagb-block-2f4c01b0\">\n<div class=\"wp-block-uagb-counter uagb-block-db2d39cc wp-block-uagb-counter--circle\"><div class=\"wp-block-uagb-counter-circle-container\"><div class=\"wp-block-uagb-counter-circle-container__content\"><div class=\"wp-block-uagb-counter__number\"><span class=\"uagb-counter-block-number\" data-duration=\"2\" data-to-value=\"21500000\" data-from-value=\"0\" data-delimiter=\",\"><\/span><\/div><div class=\"wp-block-uagb-counter__title\">MXN GENERADOS POR NUESTROS ALUMNOS<\/div><\/div><svg preserveAspectRatio=\"xMinYMin meet\" viewBox=\"0 0 230 230\" version=\"1.1\" xmlns=\"http:\/\/www.w3.org\/2000\/svg\"><circle class=\"uagb-counter-circle__background\"><\/circle><circle class=\"uagb-counter-circle__progress\"><\/circle><\/svg><\/div><\/div>\n<\/div>\n\n\n\n<div class=\"wp-block-uagb-container uagb-block-e84db9fb\">\n<div class=\"wp-block-uagb-counter uagb-block-0ff27b70 wp-block-uagb-counter--number\"><div class=\"wp-block-uagb-counter__number\"><span class=\"uagb-counter-block-number\" data-duration=\"2\" data-to-value=\"14\" data-from-value=\"0\" data-delimiter=\"\"><\/span><\/div><div class=\"wp-block-uagb-counter__title\">RECONOCIMIENTOS<\/div><\/div>\n<\/div>\n<\/div><\/div>\n\n\n\n<div class=\"wp-block-uagb-container uagb-block-8ceb3f21 alignfull uagb-is-root-container\"><div class=\"uagb-container-inner-blocks-wrap\">\n<div class=\"wp-block-uagb-container uagb-block-26011eae\">\n<div class=\"wp-block-uagb-image uagb-block-a1775cea wp-block-uagb-image--layout-default wp-block-uagb-image--effect-static wp-block-uagb-image--align-none\"><figure class=\"wp-block-uagb-image__figure\"><img decoding=\"async\" srcset=\"https:\/\/bonohunter.com\/wp-content\/uploads\/2025\/10\/20251013_2242_Product-Box-Isolated_remix_01k7fmvbg0e729rn2eqkwtz044-2-683x1024.png ,https:\/\/bonohunter.com\/wp-content\/uploads\/2025\/10\/20251013_2242_Product-Box-Isolated_remix_01k7fmvbg0e729rn2eqkwtz044-2.png 780w, https:\/\/bonohunter.com\/wp-content\/uploads\/2025\/10\/20251013_2242_Product-Box-Isolated_remix_01k7fmvbg0e729rn2eqkwtz044-2.png 360w\" sizes=\"auto, (max-width: 480px) 150px\" src=\"https:\/\/bonohunter.com\/wp-content\/uploads\/2025\/10\/20251013_2242_Product-Box-Isolated_remix_01k7fmvbg0e729rn2eqkwtz044-2-683x1024.png\" alt=\"\" class=\"uag-image-2180\" width=\"797\" height=\"551\" title=\"20251013_2242_Product Box Isolated_remix_01k7fmvbg0e729rn2eqkwtz044 (2)\" loading=\"lazy\" role=\"img\"\/><\/figure><\/div>\n<\/div>\n\n\n\n<div class=\"wp-block-uagb-container uagb-block-227a0daf\">\n<div class=\"wp-block-uagb-advanced-heading uagb-block-fb04b403\"><h6 class=\"uagb-heading-text\">QUE INCLUYE<\/h6><\/div>\n\n\n\n<div class=\"wp-block-uagb-advanced-heading uagb-block-36483d35\"><h2 class=\"uagb-heading-text\">GU\u00cdA BH OCTUBRE 25<\/h2><p class=\"uagb-desc-text\">Morbi etiam mattis eu, in cursus pulvinar egestas tellus consectetur morbi augue nulla id eget id urna arcu vulputate dictumst tincidunt mauris mauris.<\/p><\/div>\n\n\n\n<div class=\"wp-block-uagb-icon-list uagb-block-f5554d66\"><div class=\"uagb-icon-list__wrap\">\n<div class=\"wp-block-uagb-icon-list-child uagb-block-787a3d14\"><span class=\"uagb-icon-list__source-wrap\"><svg xmlns=\"https:\/\/www.w3.org\/2000\/svg\" viewBox=\"0 0 256 512\"><path d=\"M118.6 105.4l128 127.1C252.9 239.6 256 247.8 256 255.1s-3.125 16.38-9.375 22.63l-128 127.1c-9.156 9.156-22.91 11.9-34.88 6.943S64 396.9 64 383.1V128c0-12.94 7.781-24.62 19.75-29.58S109.5 96.23 118.6 105.4z\"><\/path><\/svg><\/span><span class=\"uagb-icon-list__label\"><br><strong>Gu\u00eda completa de 40 p\u00e1ginas con la explicaci\u00f3n detallada del sistema.<\/strong><\/span><\/div>\n\n\n\n<div class=\"wp-block-uagb-icon-list-child uagb-block-548f40ae\"><span class=\"uagb-icon-list__source-wrap\"><svg xmlns=\"https:\/\/www.w3.org\/2000\/svg\" viewBox=\"0 0 256 512\"><path d=\"M118.6 105.4l128 127.1C252.9 239.6 256 247.8 256 255.1s-3.125 16.38-9.375 22.63l-128 127.1c-9.156 9.156-22.91 11.9-34.88 6.943S64 396.9 64 383.1V128c0-12.94 7.781-24.62 19.75-29.58S109.5 96.23 118.6 105.4z\"><\/path><\/svg><\/span><span class=\"uagb-icon-list__label\"><br><strong>Herramienta excel interactiva para la generaci\u00f3n de apuestas.<\/strong><\/span><\/div>\n\n\n\n<div class=\"wp-block-uagb-icon-list-child uagb-block-bcaa8ac2\"><span class=\"uagb-icon-list__source-wrap\"><svg xmlns=\"https:\/\/www.w3.org\/2000\/svg\" viewBox=\"0 0 256 512\"><path d=\"M118.6 105.4l128 127.1C252.9 239.6 256 247.8 256 255.1s-3.125 16.38-9.375 22.63l-128 127.1c-9.156 9.156-22.91 11.9-34.88 6.943S64 396.9 64 383.1V128c0-12.94 7.781-24.62 19.75-29.58S109.5 96.23 118.6 105.4z\"><\/path><\/svg><\/span><span class=\"uagb-icon-list__label\"><br><strong>Acceso al grupo de telegram BonoHunter Premium donde se difunden partidos elegibles para las apuestas<\/strong> <br>y s<strong>oporte 9:00-18:00 horario Ciudad de Mexico.<\/strong><\/span><\/div>\n\n\n\n<div class=\"wp-block-uagb-icon-list-child uagb-block-dc7fb013\"><span class=\"uagb-icon-list__source-wrap\"><svg xmlns=\"https:\/\/www.w3.org\/2000\/svg\" viewBox=\"0 0 256 512\"><path d=\"M118.6 105.4l128 127.1C252.9 239.6 256 247.8 256 255.1s-3.125 16.38-9.375 22.63l-128 127.1c-9.156 9.156-22.91 11.9-34.88 6.943S64 396.9 64 383.1V128c0-12.94 7.781-24.62 19.75-29.58S109.5 96.23 118.6 105.4z\"><\/path><\/svg><\/span><span class=\"uagb-icon-list__label\"><br><strong>V\u00eddeo explicativo (2 horas) con dise\u00f1o apuestas de sistema (uso de apuestas reales 2025)<\/strong><\/span><\/div>\n<\/div><\/div>\n\n\n\n<div class=\"wp-block-uagb-buttons uagb-buttons__outer-wrap uagb-btn__default-btn uagb-btn-tablet__default-btn uagb-btn-mobile__default-btn uagb-block-9df362f5\"><div class=\"uagb-buttons__wrap uagb-buttons-layout-wrap \">\n<div class=\"wp-block-uagb-buttons-child uagb-buttons__outer-wrap uagb-block-a714569d wp-block-button is-style-outline\"><div class=\"uagb-button__wrapper\"><a class=\"uagb-buttons-repeater ast-outline-button\" aria-label=\"\" style=\"border-width:revert-layer\" href=\"#\" rel=\"follow noopener\" target=\"_self\" role=\"button\"><div class=\"uagb-button__link\">Vamos all\u00e1<\/div><\/a><\/div><\/div>\n<\/div><\/div>\n<\/div>\n<\/div><\/div>\n\n\n\n<div class=\"wp-block-uagb-container uagb-block-17ebe6e7 alignfull uagb-is-root-container\"><div class=\"uagb-container-inner-blocks-wrap\">\n<div class=\"wp-block-uagb-container uagb-block-0838abf3\">\n<div class=\"wp-block-uagb-image aligncenter uagb-block-2c00341c wp-block-uagb-image--layout-default wp-block-uagb-image--effect-static wp-block-uagb-image--align-center\"><figure class=\"wp-block-uagb-image__figure\"><img decoding=\"async\" srcset=\"https:\/\/bonohunter.com\/wp-content\/uploads\/2025\/10\/Sportium-1.png ,https:\/\/bonohunter.com\/wp-content\/uploads\/2025\/10\/Sportium-1.png 780w, https:\/\/bonohunter.com\/wp-content\/uploads\/2025\/10\/Sportium-1.png 360w\" sizes=\"auto, (max-width: 480px) 150px\" src=\"https:\/\/bonohunter.com\/wp-content\/uploads\/2025\/10\/Sportium-1.png\" alt=\"\" class=\"uag-image-2192\" width=\"178\" height=\"100\" title=\"Sportium-1\" loading=\"lazy\" role=\"img\"\/><\/figure><\/div>\n<\/div>\n\n\n\n<div class=\"wp-block-uagb-container uagb-block-644fd069\">\n<div class=\"wp-block-uagb-image aligncenter uagb-block-df631178 wp-block-uagb-image--layout-default wp-block-uagb-image--effect-static wp-block-uagb-image--align-center\"><figure class=\"wp-block-uagb-image__figure\"><img decoding=\"async\" srcset=\"https:\/\/bonohunter.com\/wp-content\/uploads\/2025\/10\/novibet_logo_new.webp ,https:\/\/bonohunter.com\/wp-content\/uploads\/2025\/10\/novibet_logo_new.webp 780w, https:\/\/bonohunter.com\/wp-content\/uploads\/2025\/10\/novibet_logo_new.webp 360w\" sizes=\"auto, (max-width: 480px) 150px\" src=\"https:\/\/bonohunter.com\/wp-content\/uploads\/2025\/10\/novibet_logo_new.webp\" alt=\"\" class=\"uag-image-2191\" width=\"179\" height=\"100\" title=\"novibet_logo_new\" loading=\"lazy\" role=\"img\"\/><\/figure><\/div>\n<\/div>\n\n\n\n<div class=\"wp-block-uagb-container uagb-block-5cd24aac\">\n<div class=\"wp-block-uagb-image aligncenter uagb-block-dc811dfd wp-block-uagb-image--layout-default wp-block-uagb-image--effect-static wp-block-uagb-image--align-center\"><figure class=\"wp-block-uagb-image__figure\"><img decoding=\"async\" srcset=\"https:\/\/bonohunter.com\/wp-content\/uploads\/2025\/10\/Bet365-Logo-1024x576.png ,https:\/\/bonohunter.com\/wp-content\/uploads\/2025\/10\/Bet365-Logo-scaled.png 780w, https:\/\/bonohunter.com\/wp-content\/uploads\/2025\/10\/Bet365-Logo-scaled.png 360w\" sizes=\"auto, (max-width: 480px) 150px\" src=\"https:\/\/bonohunter.com\/wp-content\/uploads\/2025\/10\/Bet365-Logo-1024x576.png\" alt=\"\" class=\"uag-image-2187\" width=\"179\" height=\"100\" title=\"Bet365-Logo\" loading=\"lazy\" role=\"img\"\/><\/figure><\/div>\n<\/div>\n\n\n\n<div class=\"wp-block-uagb-container uagb-block-37012e73\">\n<div class=\"wp-block-uagb-image aligncenter uagb-block-73f550d7 wp-block-uagb-image--layout-default wp-block-uagb-image--effect-static wp-block-uagb-image--align-center\"><figure class=\"wp-block-uagb-image__figure\"><img decoding=\"async\" srcset=\"https:\/\/bonohunter.com\/wp-content\/uploads\/2025\/10\/Betano-logo-5-1024x221.png ,https:\/\/bonohunter.com\/wp-content\/uploads\/2025\/10\/Betano-logo-5-scaled.png 780w, https:\/\/bonohunter.com\/wp-content\/uploads\/2025\/10\/Betano-logo-5-scaled.png 360w\" sizes=\"auto, (max-width: 480px) 150px\" src=\"https:\/\/bonohunter.com\/wp-content\/uploads\/2025\/10\/Betano-logo-5-1024x221.png\" alt=\"\" class=\"uag-image-2188\" width=\"179\" height=\"100\" title=\"Betano-logo-5\" loading=\"lazy\" role=\"img\"\/><\/figure><\/div>\n<\/div>\n\n\n\n<div class=\"wp-block-uagb-container uagb-block-6f563d4b\">\n<div class=\"wp-block-uagb-image aligncenter uagb-block-c0f5dc2a wp-block-uagb-image--layout-default wp-block-uagb-image--effect-static wp-block-uagb-image--align-center\"><figure class=\"wp-block-uagb-image__figure\"><img decoding=\"async\" srcset=\"https:\/\/bonohunter.com\/wp-content\/uploads\/2025\/10\/Betcris.png ,https:\/\/bonohunter.com\/wp-content\/uploads\/2025\/10\/Betcris.png 780w, https:\/\/bonohunter.com\/wp-content\/uploads\/2025\/10\/Betcris.png 360w\" sizes=\"auto, (max-width: 480px) 150px\" src=\"https:\/\/bonohunter.com\/wp-content\/uploads\/2025\/10\/Betcris.png\" alt=\"\" class=\"uag-image-2189\" width=\"178\" height=\"100\" title=\"Betcris\" loading=\"lazy\" role=\"img\"\/><\/figure><\/div>\n<\/div>\n<\/div><\/div>\n\n\n\n<div class=\"wp-block-uagb-container uagb-block-3879bd03 alignfull uagb-is-root-container\"><div class=\"uagb-container-inner-blocks-wrap\">\n<div class=\"wp-block-uagb-container uagb-block-b345da78\">\n<div class=\"wp-block-uagb-image alignleft uagb-block-3cee19a4 wp-block-uagb-image--layout-default wp-block-uagb-image--effect-static wp-block-uagb-image--align-left\"><figure class=\"wp-block-uagb-image__figure\"><img decoding=\"async\" srcset=\"https:\/\/bonohunter.com\/wp-content\/uploads\/2020\/11\/custom-bike-builder-owner.png ,https:\/\/bonohunter.com\/wp-content\/uploads\/2020\/11\/custom-bike-builder-owner.png 780w, https:\/\/bonohunter.com\/wp-content\/uploads\/2020\/11\/custom-bike-builder-owner.png 360w\" sizes=\"auto, (max-width: 480px) 150px\" src=\"https:\/\/bonohunter.com\/wp-content\/uploads\/2020\/11\/custom-bike-builder-owner.png\" alt=\"\" class=\"uag-image-146\" width=\"494\" height=\"690\" title=\"\" loading=\"lazy\" role=\"img\"\/><\/figure><\/div>\n<\/div>\n\n\n\n<div class=\"wp-block-uagb-container uagb-block-bea5cd06\">\n<div class=\"wp-block-uagb-advanced-heading uagb-block-bb73464e\"><h6 class=\"uagb-heading-text\">CEO<\/h6><\/div>\n\n\n\n<div class=\"wp-block-uagb-advanced-heading uagb-block-b77c9168\"><h2 class=\"uagb-heading-text\">HECTOR SOTIERRO<\/h2><p class=\"uagb-desc-text\">M\u00e1s de 20 a\u00f1os de experiencia en el sector de apuestas deportivas. Fue la primera persona en implementar el m\u00e9todo en Espa\u00f1a, en 2015 y gener\u00f3 m\u00e1s de 1.000.000 de d\u00f3lares en 6 a\u00f1os.<\/p><\/div>\n\n\n\n<div class=\"wp-block-uagb-advanced-heading uagb-block-70b64a22\"><p class=\"uagb-desc-text\">Dirige el equipo de BonoHunter para garantizar que todos los alumnos salgan satisfechos del proceso.<\/p><\/div>\n\n\n\n<div class=\"wp-block-uagb-image alignleft uagb-block-dbf6909e wp-block-uagb-image--layout-default wp-block-uagb-image--effect-static wp-block-uagb-image--align-left\"><figure class=\"wp-block-uagb-image__figure\"><img decoding=\"async\" srcset=\"https:\/\/bonohunter.com\/wp-content\/uploads\/2020\/11\/signature-1.svg ,https:\/\/bonohunter.com\/wp-content\/uploads\/2020\/11\/signature-1.svg 780w\" sizes=\"auto, (max-width: 480px) 150px\" src=\"https:\/\/bonohunter.com\/wp-content\/uploads\/2020\/11\/signature-1.svg\" alt=\"\" class=\"uag-image-90\" width=\"160\" height=\"80\" title=\"\" loading=\"lazy\" role=\"img\"\/><\/figure><\/div>\n<\/div>\n<\/div><\/div>\n\n\n\n<div class=\"wp-block-uagb-container uagb-block-ab5e050e alignfull uagb-is-root-container\"><div class=\"uagb-container-inner-blocks-wrap\">\n<div class=\"wp-block-uagb-info-box uagb-block-ec9dbba9 uagb-infobox__content-wrap  uagb-infobox-icon-above-title uagb-infobox-image-valign-top\"><div class=\"uagb-ifb-content\"><div class=\"uagb-ifb-title-wrap\"><h2 class=\"uagb-ifb-title\">hag\u00e1moslo realidad!<\/h2><\/div><p class=\"uagb-ifb-desc\">Le atenderemos personalmente para atender cualquier duda que pueda surgir.<\/p><\/div><\/div>\n\n\n\n<div class=\"wp-block-uagb-buttons uagb-buttons__outer-wrap uagb-btn__default-btn uagb-btn-tablet__default-btn uagb-btn-mobile__default-btn uagb-block-4f0d06e0\"><div class=\"uagb-buttons__wrap uagb-buttons-layout-wrap \">\n<div class=\"wp-block-uagb-buttons-child uagb-buttons__outer-wrap uagb-block-175cce48 wp-block-button\"><div class=\"uagb-button__wrapper\"><a class=\"uagb-buttons-repeater ast-outline-button\" aria-label=\"\" style=\"border-width:revert-layer\" href=\"#\" rel=\"follow noopener\" target=\"_self\" role=\"button\"><div class=\"uagb-button__link\">hablemos!<\/div><\/a><\/div><\/div>\n<\/div><\/div>\n<\/div><\/div>\n\n\n\n<p><\/p>\n","protected":false},"excerpt":{"rendered":"<p>TODO LO QUE LAS CASAS DE APUESTAS NO QUIERAN QUE SEPAS GANA 20.000 MXN EN TRES APUESTAS Custom Bike Builder Como funciona el bono hunting? Las casas de apuestas ofrecen bonificaciones para captar a nuevos clientes, y ganar dinero con ellos en el largo plazo. Desde Bonohunter te ense\u00f1amos como transformar esa bonificaci\u00f3n en dinero [&hellip;]<\/p>\n","protected":false},"author":1,"featured_media":0,"parent":0,"menu_order":0,"comment_status":"closed","ping_status":"closed","template":"","meta":{"_uag_custom_page_level_css":"","site-sidebar-layout":"default","site-content-layout":"page-builder","ast-site-content-layout":"full-width-container","site-content-style":"unboxed","site-sidebar-style":"unboxed","ast-global-header-display":"","ast-banner-title-visibility":"","ast-main-header-display":"","ast-hfb-above-header-display":"","ast-hfb-below-header-display":"","ast-hfb-mobile-header-display":"","site-post-title":"disabled","ast-breadcrumbs-content":"","ast-featured-img":"","footer-sml-layout":"","theme-transparent-header-meta":"enabled","adv-header-id-meta":"","stick-header-meta":"","header-above-stick-meta":"","header-main-stick-meta":"","header-below-stick-meta":"","astra-migrate-meta-layouts":"set","ast-page-background-enabled":"default","ast-page-background-meta":{"desktop":{"background-color":"","background-image":"","background-repeat":"repeat","background-position":"center center","background-size":"auto","background-attachment":"scroll","background-type":"","background-media":"","overlay-type":"","overlay-color":"","overlay-opacity":"","overlay-gradient":""},"tablet":{"background-color":"","background-image":"","background-repeat":"repeat","background-position":"center center","background-size":"auto","background-attachment":"scroll","background-type":"","background-media":"","overlay-type":"","overlay-color":"","overlay-opacity":"","overlay-gradient":""},"mobile":{"background-color":"","background-image":"","background-repeat":"repeat","background-position":"center center","background-size":"auto","background-attachment":"scroll","background-type":"","background-media":"","overlay-type":"","overlay-color":"","overlay-opacity":"","overlay-gradient":""}},"ast-content-background-meta":{"desktop":{"background-color":"var(--ast-global-color-5)","background-image":"","background-repeat":"repeat","background-position":"center center","background-size":"auto","background-attachment":"scroll","background-type":"","background-media":"","overlay-type":"","overlay-color":"","overlay-opacity":"","overlay-gradient":""},"tablet":{"background-color":"var(--ast-global-color-5)","background-image":"","background-repeat":"repeat","background-position":"center center","background-size":"auto","background-attachment":"scroll","background-type":"","background-media":"","overlay-type":"","overlay-color":"","overlay-opacity":"","overlay-gradient":""},"mobile":{"background-color":"var(--ast-global-color-5)","background-image":"","background-repeat":"repeat","background-position":"center center","background-size":"auto","background-attachment":"scroll","background-type":"","background-media":"","overlay-type":"","overlay-color":"","overlay-opacity":"","overlay-gradient":""}},"footnotes":""},"class_list":["post-1067","page","type-page","status-publish","hentry"],"aioseo_notices":[],"_hostinger_reach_plugin_has_subscription_block":false,"_hostinger_reach_plugin_is_elementor":false,"uagb_featured_image_src":{"full":false,"thumbnail":false,"medium":false,"medium_large":false,"large":false,"1536x1536":false,"2048x2048":false,"woocommerce_thumbnail":false,"woocommerce_single":false,"woocommerce_gallery_thumbnail":false},"uagb_author_info":{"display_name":"Oliver Cemeli","author_link":"https:\/\/bonohunter.com\/?author=1"},"uagb_comment_info":0,"uagb_excerpt":"TODO LO QUE LAS CASAS DE APUESTAS NO QUIERAN QUE SEPAS GANA 20.000 MXN EN TRES APUESTAS Custom Bike Builder Como funciona el bono hunting? Las casas de apuestas ofrecen bonificaciones para captar a nuevos clientes, y ganar dinero con ellos en el largo plazo. Desde Bonohunter te ense\u00f1amos como transformar esa bonificaci\u00f3n en dinero&hellip;","_links":{"self":[{"href":"https:\/\/bonohunter.com\/index.php?rest_route=\/wp\/v2\/pages\/1067","targetHints":{"allow":["GET"]}}],"collection":[{"href":"https:\/\/bonohunter.com\/index.php?rest_route=\/wp\/v2\/pages"}],"about":[{"href":"https:\/\/bonohunter.com\/index.php?rest_route=\/wp\/v2\/types\/page"}],"author":[{"embeddable":true,"href":"https:\/\/bonohunter.com\/index.php?rest_route=\/wp\/v2\/users\/1"}],"replies":[{"embeddable":true,"href":"https:\/\/bonohunter.com\/index.php?rest_route=%2Fwp%2Fv2%2Fcomments&post=1067"}],"version-history":[{"count":19,"href":"https:\/\/bonohunter.com\/index.php?rest_route=\/wp\/v2\/pages\/1067\/revisions"}],"predecessor-version":[{"id":2262,"href":"https:\/\/bonohunter.com\/index.php?rest_route=\/wp\/v2\/pages\/1067\/revisions\/2262"}],"wp:attachment":[{"href":"https:\/\/bonohunter.com\/index.php?rest_route=%2Fwp%2Fv2%2Fmedia&parent=1067"}],"curies":[{"name":"wp","href":"https:\/\/api.w.org\/{rel}","templated":true}]}}