{"id":1070,"date":"2025-08-25T18:30:01","date_gmt":"2025-08-25T18:30:01","guid":{"rendered":"https:\/\/bonohunter.com\/about-us\/"},"modified":"2025-10-20T18:53:25","modified_gmt":"2025-10-20T18:53:25","slug":"about-us","status":"publish","type":"page","link":"https:\/\/bonohunter.com\/?page_id=1070","title":{"rendered":"About Us"},"content":{"rendered":"\n<div class=\"wp-block-uagb-container uagb-block-e464440b alignfull uagb-is-root-container\"><div class=\"uagb-container-inner-blocks-wrap\">\n<div class=\"wp-block-uagb-advanced-heading uagb-block-dfacb157\"><h1 class=\"uagb-heading-text\">SOBRE NOSOTROS<\/h1><div class=\"uagb-separator\"><\/div><\/div>\n\n\n\n<div class=\"wp-block-uagb-advanced-heading uagb-block-9d9c4199\"><p class=\"uagb-desc-text\">Conoce a nuestro CEO y los valores que nos acompa\u00f1an d\u00eda a d\u00eda.             Trabajamos para que la informaci\u00f3n y el asesoramiento sea m\u00e1s completo cada d\u00eda.<\/p><\/div>\n<\/div><\/div>\n\n\n\n<div class=\"wp-block-uagb-container uagb-block-3879bd03 alignfull uagb-is-root-container\"><div class=\"uagb-container-inner-blocks-wrap\">\n<div class=\"wp-block-uagb-container uagb-block-b345da78\">\n<div class=\"wp-block-uagb-image alignleft uagb-block-3cee19a4 wp-block-uagb-image--layout-default wp-block-uagb-image--effect-static wp-block-uagb-image--align-left\"><figure class=\"wp-block-uagb-image__figure\"><img decoding=\"async\" srcset=\"https:\/\/bonohunter.com\/wp-content\/uploads\/2020\/11\/custom-bike-builder-owner.png ,https:\/\/bonohunter.com\/wp-content\/uploads\/2020\/11\/custom-bike-builder-owner.png 780w, https:\/\/bonohunter.com\/wp-content\/uploads\/2020\/11\/custom-bike-builder-owner.png 360w\" sizes=\"auto, (max-width: 480px) 150px\" src=\"https:\/\/bonohunter.com\/wp-content\/uploads\/2020\/11\/custom-bike-builder-owner.png\" alt=\"\" class=\"uag-image-146\" width=\"494\" height=\"690\" title=\"\" loading=\"lazy\" role=\"img\"\/><\/figure><\/div>\n<\/div>\n\n\n\n<div class=\"wp-block-uagb-container uagb-block-bea5cd06\">\n<div class=\"wp-block-uagb-advanced-heading uagb-block-bb73464e\"><h6 class=\"uagb-heading-text\">ceo<\/h6><\/div>\n\n\n\n<div class=\"wp-block-uagb-advanced-heading uagb-block-b77c9168\"><h3 class=\"uagb-heading-text\">hector sotierro<\/h3><p class=\"uagb-desc-text\">M\u00e1s de 20 a\u00f1os de experiencia en el sector de apuestas deportivas. Fue la primera persona en implementar el m\u00e9todo en Espa\u00f1a, en 2015 y gener\u00f3 m\u00e1s de 5.000.000 de d\u00f3lares en cuesti\u00f3n de 6 a\u00f1os.<br><\/p><\/div>\n\n\n\n<p>Dirige el equipo de BonoHunter para garantizar que todos los alumnos salgan satisfechos del proceso.<\/p>\n\n\n\n<div class=\"wp-block-uagb-advanced-heading uagb-block-70b64a22\"><\/div>\n\n\n\n<div class=\"wp-block-uagb-image alignleft uagb-block-dbf6909e wp-block-uagb-image--layout-default wp-block-uagb-image--effect-static wp-block-uagb-image--align-left\"><figure class=\"wp-block-uagb-image__figure\"><img decoding=\"async\" srcset=\"https:\/\/bonohunter.com\/wp-content\/uploads\/2020\/11\/signature-1.svg ,https:\/\/bonohunter.com\/wp-content\/uploads\/2020\/11\/signature-1.svg 780w\" sizes=\"auto, (max-width: 480px) 150px\" src=\"https:\/\/bonohunter.com\/wp-content\/uploads\/2020\/11\/signature-1.svg\" alt=\"\" class=\"uag-image-90\" width=\"160\" height=\"80\" title=\"\" loading=\"lazy\" role=\"img\"\/><\/figure><\/div>\n<\/div>\n<\/div><\/div>\n\n\n\n<div class=\"wp-block-buttons is-content-justification-center is-layout-flex wp-container-core-buttons-is-layout-a89b3969 wp-block-buttons-is-layout-flex\">\n<div class=\"wp-block-button\"><a class=\"wp-block-button__link wp-element-button\">hablemos<\/a><\/div>\n<\/div>\n\n\n\n<div class=\"wp-block-uagb-advanced-heading uagb-block-57448a12\"><h4 class=\"uagb-heading-text\">EQUIPO BASADO EN ANDORRA LA VELLA<\/h4><\/div>\n\n\n\n<p><\/p>\n\n\n\n<figure class=\"wp-block-video alignfull\"><video controls src=\"https:\/\/bonohunter.com\/wp-content\/uploads\/2025\/10\/grok-video-f21c9f92-9954-4a14-9e74-adc7429e4f4c.mp4\"><\/video><\/figure>\n\n\n\n<div class=\"wp-block-uagb-container uagb-block-62443a5e alignfull uagb-is-root-container\"><div class=\"uagb-container-inner-blocks-wrap\">\n<div class=\"wp-block-uagb-container uagb-block-8482d7f4\">\n<div class=\"wp-block-uagb-advanced-heading uagb-block-e79c4100\"><h2 class=\"uagb-heading-text\">NUESTRA HISTORIA<\/h2><div class=\"uagb-separator\"><\/div><\/div>\n\n\n\n<div class=\"wp-block-uagb-advanced-heading uagb-block-20ab15fe\"><h4 class=\"uagb-heading-text\">DESPU\u00c9S DE LA PROHIBICI\u00d3N DE LOS BONOS EN ESPA\u00d1A, QUEREMOS QUE NOS COJAS EL RELEVO. QUEREMOS QUE GANEMOS JUNTOS.<\/h4><\/div>\n<\/div>\n\n\n\n<div class=\"wp-block-uagb-container uagb-block-e19e589a\">\n<div class=\"wp-block-uagb-advanced-heading uagb-block-28dfa091\"><p class=\"uagb-desc-text\">En 2021 se prohibieron los bonos de casas de apuestas en Espa\u00f1a.<\/p><\/div>\n\n\n\n<p>Nuestro m\u00e9todo dej\u00f3 de tener sentido sin bonificaciones y tuvimos que detener nuestra actividad.<\/p>\n\n\n\n<div class=\"wp-block-uagb-advanced-heading uagb-block-cdefe241\"><p class=\"uagb-desc-text\">En 2025, reprendemos la actividad, ense\u00f1ando a generar ingresos al p\u00fablico Mexicano sin asumir ning\u00fan tipo de riesgos.<\/p><\/div>\n\n\n\n<p>Tener un impacto en nuestros alumnos realmente nos mueve.<\/p>\n<\/div>\n<\/div><\/div>\n\n\n\n<div class=\"wp-block-buttons is-content-justification-center is-layout-flex wp-container-core-buttons-is-layout-a89b3969 wp-block-buttons-is-layout-flex\">\n<div class=\"wp-block-button\"><a class=\"wp-block-button__link wp-element-button\">hablemos<\/a><\/div>\n<\/div>\n\n\n\n<p><\/p>\n","protected":false},"excerpt":{"rendered":"<p>SOBRE NOSOTROS Conoce a nuestro CEO y los valores que nos acompa\u00f1an d\u00eda a d\u00eda. Trabajamos para que la informaci\u00f3n y el asesoramiento sea m\u00e1s completo cada d\u00eda. ceo hector sotierro M\u00e1s de 20 a\u00f1os de experiencia en el sector de apuestas deportivas. Fue la primera persona en implementar el m\u00e9todo en Espa\u00f1a, en 2015 [&hellip;]<\/p>\n","protected":false},"author":1,"featured_media":0,"parent":0,"menu_order":0,"comment_status":"closed","ping_status":"closed","template":"","meta":{"_uag_custom_page_level_css":"","site-sidebar-layout":"default","site-content-layout":"page-builder","ast-site-content-layout":"full-width-container","site-content-style":"unboxed","site-sidebar-style":"unboxed","ast-global-header-display":"","ast-banner-title-visibility":"","ast-main-header-display":"","ast-hfb-above-header-display":"","ast-hfb-below-header-display":"","ast-hfb-mobile-header-display":"","site-post-title":"disabled","ast-breadcrumbs-content":"","ast-featured-img":"","footer-sml-layout":"","theme-transparent-header-meta":"enabled","adv-header-id-meta":"","stick-header-meta":"","header-above-stick-meta":"","header-main-stick-meta":"","header-below-stick-meta":"","astra-migrate-meta-layouts":"set","ast-page-background-enabled":"default","ast-page-background-meta":{"desktop":{"background-color":"","background-image":"","background-repeat":"repeat","background-position":"center center","background-size":"auto","background-attachment":"scroll","background-type":"","background-media":"","overlay-type":"","overlay-color":"","overlay-opacity":"","overlay-gradient":""},"tablet":{"background-color":"","background-image":"","background-repeat":"repeat","background-position":"center center","background-size":"auto","background-attachment":"scroll","background-type":"","background-media":"","overlay-type":"","overlay-color":"","overlay-opacity":"","overlay-gradient":""},"mobile":{"background-color":"","background-image":"","background-repeat":"repeat","background-position":"center center","background-size":"auto","background-attachment":"scroll","background-type":"","background-media":"","overlay-type":"","overlay-color":"","overlay-opacity":"","overlay-gradient":""}},"ast-content-background-meta":{"desktop":{"background-color":"var(--ast-global-color-5)","background-image":"","background-repeat":"repeat","background-position":"center center","background-size":"auto","background-attachment":"scroll","background-type":"","background-media":"","overlay-type":"","overlay-color":"","overlay-opacity":"","overlay-gradient":""},"tablet":{"background-color":"var(--ast-global-color-5)","background-image":"","background-repeat":"repeat","background-position":"center center","background-size":"auto","background-attachment":"scroll","background-type":"","background-media":"","overlay-type":"","overlay-color":"","overlay-opacity":"","overlay-gradient":""},"mobile":{"background-color":"var(--ast-global-color-5)","background-image":"","background-repeat":"repeat","background-position":"center center","background-size":"auto","background-attachment":"scroll","background-type":"","background-media":"","overlay-type":"","overlay-color":"","overlay-opacity":"","overlay-gradient":""}},"footnotes":""},"class_list":["post-1070","page","type-page","status-publish","hentry"],"aioseo_notices":[],"_hostinger_reach_plugin_has_subscription_block":false,"_hostinger_reach_plugin_is_elementor":false,"uagb_featured_image_src":{"full":false,"thumbnail":false,"medium":false,"medium_large":false,"large":false,"1536x1536":false,"2048x2048":false,"woocommerce_thumbnail":false,"woocommerce_single":false,"woocommerce_gallery_thumbnail":false},"uagb_author_info":{"display_name":"Oliver Cemeli","author_link":"https:\/\/bonohunter.com\/?author=1"},"uagb_comment_info":0,"uagb_excerpt":"SOBRE NOSOTROS Conoce a nuestro CEO y los valores que nos acompa\u00f1an d\u00eda a d\u00eda. Trabajamos para que la informaci\u00f3n y el asesoramiento sea m\u00e1s completo cada d\u00eda. ceo hector sotierro M\u00e1s de 20 a\u00f1os de experiencia en el sector de apuestas deportivas. Fue la primera persona en implementar el m\u00e9todo en Espa\u00f1a, en 2015&hellip;","_links":{"self":[{"href":"https:\/\/bonohunter.com\/index.php?rest_route=\/wp\/v2\/pages\/1070","targetHints":{"allow":["GET"]}}],"collection":[{"href":"https:\/\/bonohunter.com\/index.php?rest_route=\/wp\/v2\/pages"}],"about":[{"href":"https:\/\/bonohunter.com\/index.php?rest_route=\/wp\/v2\/types\/page"}],"author":[{"embeddable":true,"href":"https:\/\/bonohunter.com\/index.php?rest_route=\/wp\/v2\/users\/1"}],"replies":[{"embeddable":true,"href":"https:\/\/bonohunter.com\/index.php?rest_route=%2Fwp%2Fv2%2Fcomments&post=1070"}],"version-history":[{"count":6,"href":"https:\/\/bonohunter.com\/index.php?rest_route=\/wp\/v2\/pages\/1070\/revisions"}],"predecessor-version":[{"id":2252,"href":"https:\/\/bonohunter.com\/index.php?rest_route=\/wp\/v2\/pages\/1070\/revisions\/2252"}],"wp:attachment":[{"href":"https:\/\/bonohunter.com\/index.php?rest_route=%2Fwp%2Fv2%2Fmedia&parent=1070"}],"curies":[{"name":"wp","href":"https:\/\/api.w.org\/{rel}","templated":true}]}}